{"id":308,"date":"2025-09-30T02:19:58","date_gmt":"2025-09-30T02:19:58","guid":{"rendered":"https:\/\/frequenciadavida.com.br\/?post_type=product&#038;p=308"},"modified":"2025-12-15T00:48:14","modified_gmt":"2025-12-15T03:48:14","slug":"raspador-de-lingua-fdv","status":"publish","type":"product","link":"https:\/\/frequenciadavida.com.br\/en\/product\/raspador-de-lingua-fdv\/","title":{"rendered":"Raspador de L\u00edngua \u2013 FDV"},"content":{"rendered":"<p>O <strong>Raspador de L\u00edngua Frequ\u00eancia da Vida<\/strong> \u00e9 um cuidado di\u00e1rio simples, natural e extremamente eficaz para quem deseja melhorar a sa\u00fade bucal e tamb\u00e9m o funcionamento do est\u00f4mago. Produzido em cobre puro, um material tradicionalmente utilizado por suas propriedades antimicrobianas, ele remove com precis\u00e3o a saburra acumulada na superf\u00edcie da l\u00edngua, promovendo limpeza profunda e imediata.<\/p>\n<p>Benef\u00edcio direto para o est\u00f4mago<\/p>\n<p>Quando a saburra lingual n\u00e3o \u00e9 removida, res\u00edduos, toxinas e micro-organismos s\u00e3o continuamente deglutidos ao longo do dia. Isso pode sobrecarregar o est\u00f4mago, afetar o processo digestivo e provocar sensa\u00e7\u00e3o de peso, estufamento, mau h\u00e1lito de origem g\u00e1strica e desconfortos ap\u00f3s as refei\u00e7\u00f5es.<\/p>\n<p>Ao usar o Raspador de L\u00edngua diariamente, voc\u00ea:<\/p>\n<p>Reduz a carga bacteriana que desce para o est\u00f4mago, facilitando a digest\u00e3o;<\/p>\n<p>Diminui a produ\u00e7\u00e3o de compostos sulfurados, que afetam a flora bucal e digestiva;<\/p>\n<p>Apoia o equil\u00edbrio do sistema gastrointestinal, reduzindo irrita\u00e7\u00f5es digestivas;<\/p>\n<p>Favorece um est\u00f4mago mais leve, eficiente e funcional como resultado da higiene oral adequada.<\/p>\n<p>Por que o cobre?<\/p>\n<p>O cobre \u00e9 conhecido por sua poderosa a\u00e7\u00e3o antimicrobiana natural, o que ajuda a minimizar o ac\u00famulo de bact\u00e9rias no pr\u00f3prio raspador.<\/p>\n<p>Al\u00e9m disso:<\/p>\n<ul>\n<li>\u00c9 dur\u00e1vel e altamente resistente;<\/li>\n<li>N\u00e3o oxida facilmente quando bem cuidado;<\/li>\n<li>Mant\u00e9m sua efici\u00eancia por anos, superando raspadores pl\u00e1sticos ou de materiais inferiores.<\/li>\n<li>Em poucos segundos por dia<\/li>\n<\/ul>\n<p>&nbsp;<\/p>\n<p>Com o Raspador de L\u00edngua Frequ\u00eancia da Vida, voc\u00ea garante uma boca mais limpa, um h\u00e1lito naturalmente fresco e um est\u00f4mago com menos sobrecarga, funcionando de forma mais leve e harmoniosa.<\/p>\n\n    <div class=\"xs_social_share_widget xs_share_url after_content \t\tmain_content  wslu-style-1 wslu-share-box-shaped wslu-fill-colored wslu-none wslu-share-horizontal wslu-theme-font-no wslu-main_content\">\n\n\t\t\n        <ul>\n\t\t\t        <\/ul>\n    <\/div>","protected":false},"excerpt":{"rendered":"<p>Raspador de L\u00edngua \u2013 Frequ\u00eancia da Vida<br \/>\nMaterial de Cobre<\/p>","protected":false},"featured_media":660,"comment_status":"open","ping_status":"closed","template":"","meta":[],"product_brand":[],"product_cat":[32],"product_tag":[34,33],"class_list":{"0":"post-308","1":"product","2":"type-product","3":"status-publish","4":"has-post-thumbnail","6":"product_cat-raspadores-de-lingua","7":"product_tag-raspador-de-lingua","8":"product_tag-raspador-de-lingua-cobre","10":"first","11":"instock","12":"sale","13":"shipping-taxable","14":"purchasable","15":"product-type-simple"},"_links":{"self":[{"href":"https:\/\/frequenciadavida.com.br\/en\/wp-json\/wp\/v2\/product\/308","targetHints":{"allow":["GET"]}}],"collection":[{"href":"https:\/\/frequenciadavida.com.br\/en\/wp-json\/wp\/v2\/product"}],"about":[{"href":"https:\/\/frequenciadavida.com.br\/en\/wp-json\/wp\/v2\/types\/product"}],"replies":[{"embeddable":true,"href":"https:\/\/frequenciadavida.com.br\/en\/wp-json\/wp\/v2\/comments?post=308"}],"wp:featuredmedia":[{"embeddable":true,"href":"https:\/\/frequenciadavida.com.br\/en\/wp-json\/wp\/v2\/media\/660"}],"wp:attachment":[{"href":"https:\/\/frequenciadavida.com.br\/en\/wp-json\/wp\/v2\/media?parent=308"}],"wp:term":[{"taxonomy":"product_brand","embeddable":true,"href":"https:\/\/frequenciadavida.com.br\/en\/wp-json\/wp\/v2\/product_brand?post=308"},{"taxonomy":"product_cat","embeddable":true,"href":"https:\/\/frequenciadavida.com.br\/en\/wp-json\/wp\/v2\/product_cat?post=308"},{"taxonomy":"product_tag","embeddable":true,"href":"https:\/\/frequenciadavida.com.br\/en\/wp-json\/wp\/v2\/product_tag?post=308"}],"curies":[{"name":"wp","href":"https:\/\/api.w.org\/{rel}","templated":true}]}}