{"id":304,"date":"2025-09-30T02:14:24","date_gmt":"2025-09-30T02:14:24","guid":{"rendered":"https:\/\/frequenciadavida.com.br\/?post_type=product&#038;p=304"},"modified":"2025-12-15T00:47:27","modified_gmt":"2025-12-15T03:47:27","slug":"pulseira-fdv","status":"publish","type":"product","link":"https:\/\/frequenciadavida.com.br\/en\/product\/pulseira-fdv\/","title":{"rendered":"Pulseira \u2013 FDV"},"content":{"rendered":"<p>A Pulseira Frequ\u00eancia da Vida foi criada para quem busca equil\u00edbrio, vitalidade e sa\u00fade de forma natural. Feita em cobre puro, ela combina tradi\u00e7\u00e3o, funcionalidade e est\u00e9tica em um \u00fanico acess\u00f3rio pensado para o uso di\u00e1rio.<\/p>\n<p>Por que o cobre?<\/p>\n<p>O cobre \u00e9 um mineral essencial para o funcionamento do organismo e, por isso, \u00e9 utilizado h\u00e1 s\u00e9culos em pr\u00e1ticas tradicionais de sa\u00fade e bem-estar. Seu uso no corpo est\u00e1 associado a benef\u00edcios amplamente reconhecidos:<\/p>\n<p>A\u00e7\u00e3o anti-inflamat\u00f3ria natural: o cobre \u00e9 conhecido por ajudar a reduzir desconfortos musculares e articulares, especialmente em pr\u00e1ticas integrativas.<\/p>\n<p>Apoio \u00e0 circula\u00e7\u00e3o: o contato com o cobre pode favorecer a sensa\u00e7\u00e3o de leveza e bem-estar, contribuindo para uma melhor energia ao longo do dia.<\/p>\n<p>Antimicrobiano por natureza: o cobre possui propriedades que inibem o crescimento de micro-organismos, mantendo a superf\u00edcie da pulseira naturalmente mais higi\u00eanica.<\/p>\n<p>Mineral de equil\u00edbrio: pr\u00e1ticas milenares utilizam o cobre como um elemento que ajuda a harmonizar o campo energ\u00e9tico e promover vitalidade constante.<\/p>\n<p>Est\u00e9tica + bem-estar<\/p>\n<p>A Pulseira Frequ\u00eancia da Vida possui um design leve, moderno e confort\u00e1vel, ideal para uso cont\u00ednuo. Seu brilho caracter\u00edstico e sua cor quente tornam o acess\u00f3rio elegante e vers\u00e1til \u2014 combinando facilmente com diferentes estilos e ocasi\u00f5es.<\/p>\n<p>Uso di\u00e1rio que faz diferen\u00e7a<\/p>\n<p>Ao entrar em contato direto com a pele, a pulseira oferece uma experi\u00eancia cont\u00ednua de bem-estar, unindo a tradi\u00e7\u00e3o do cobre \u00e0 inten\u00e7\u00e3o de equil\u00edbrio e vitalidade que guia a Frequ\u00eancia da Vida.<\/p>\n\n    <div class=\"xs_social_share_widget xs_share_url after_content \t\tmain_content  wslu-style-1 wslu-share-box-shaped wslu-fill-colored wslu-none wslu-share-horizontal wslu-theme-font-no wslu-main_content\">\n\n\t\t\n        <ul>\n\t\t\t        <\/ul>\n    <\/div>","protected":false},"excerpt":{"rendered":"<p>Pulseira\u00a0 Frequ\u00eancia da vida<\/p>\n<p>Material: Cobre<\/p>","protected":false},"featured_media":655,"comment_status":"open","ping_status":"closed","template":"","meta":[],"product_brand":[],"product_cat":[29],"product_tag":[30,31],"class_list":{"0":"post-304","1":"product","2":"type-product","3":"status-publish","4":"has-post-thumbnail","6":"product_cat-pulseiras","7":"product_tag-pulseiras","8":"product_tag-pulseiras-de-cobre","10":"first","11":"instock","12":"sale","13":"shipping-taxable","14":"purchasable","15":"product-type-simple"},"_links":{"self":[{"href":"https:\/\/frequenciadavida.com.br\/en\/wp-json\/wp\/v2\/product\/304","targetHints":{"allow":["GET"]}}],"collection":[{"href":"https:\/\/frequenciadavida.com.br\/en\/wp-json\/wp\/v2\/product"}],"about":[{"href":"https:\/\/frequenciadavida.com.br\/en\/wp-json\/wp\/v2\/types\/product"}],"replies":[{"embeddable":true,"href":"https:\/\/frequenciadavida.com.br\/en\/wp-json\/wp\/v2\/comments?post=304"}],"wp:featuredmedia":[{"embeddable":true,"href":"https:\/\/frequenciadavida.com.br\/en\/wp-json\/wp\/v2\/media\/655"}],"wp:attachment":[{"href":"https:\/\/frequenciadavida.com.br\/en\/wp-json\/wp\/v2\/media?parent=304"}],"wp:term":[{"taxonomy":"product_brand","embeddable":true,"href":"https:\/\/frequenciadavida.com.br\/en\/wp-json\/wp\/v2\/product_brand?post=304"},{"taxonomy":"product_cat","embeddable":true,"href":"https:\/\/frequenciadavida.com.br\/en\/wp-json\/wp\/v2\/product_cat?post=304"},{"taxonomy":"product_tag","embeddable":true,"href":"https:\/\/frequenciadavida.com.br\/en\/wp-json\/wp\/v2\/product_tag?post=304"}],"curies":[{"name":"wp","href":"https:\/\/api.w.org\/{rel}","templated":true}]}}