{"id":289,"date":"2025-09-30T01:17:33","date_gmt":"2025-09-30T01:17:33","guid":{"rendered":"https:\/\/frequenciadavida.com.br\/?post_type=product&#038;p=289"},"modified":"2025-12-15T13:29:56","modified_gmt":"2025-12-15T16:29:56","slug":"frequenciador-sereniti","status":"publish","type":"product","link":"https:\/\/frequenciadavida.com.br\/en\/product\/frequenciador-sereniti\/","title":{"rendered":"SER\u00caNITI"},"content":{"rendered":"<p><strong>SER\u00caNITI<\/strong><\/p>\n<p>Paz interior come\u00e7a na frequ\u00eancia certa. O<em><strong> Frequenciador Ser\u00eaniti<\/strong><\/em> foi desenvolvido para trazer equil\u00edbrio emocional e promover<\/p>\n<p>um estado de calma e presen\u00e7a no dia a dia,<\/p>\n<p>ajudando a acalmar a mente e o corpo de<\/p>\n<p>forma natural.<\/p>\n<p>Ele emite frequ\u00eancias que atuam em:<\/p>\n<ul>\n<li>Redu\u00e7\u00e3o da agita\u00e7\u00e3o mental e pensamentos acelerados<\/li>\n<li>Controle da inquieta\u00e7\u00e3o e do nervosismo<\/li>\n<li>Equil\u00edbrio do sistema nervoso<\/li>\n<li>Aumento da sensa\u00e7\u00e3o de seguran\u00e7a e centramento<\/li>\n<li>Apoio para momentos de crise e instabilidade emociona<\/li>\n<\/ul>\n<p>&nbsp;<\/p>\n<p>ATEN\u00c7\u00c3O!<\/p>\n<p>O Frequenciador n\u00e3o substitui o tratamento m\u00e9dico<\/p>\n\n    <div class=\"xs_social_share_widget xs_share_url after_content \t\tmain_content  wslu-style-1 wslu-share-box-shaped wslu-fill-colored wslu-none wslu-share-horizontal wslu-theme-font-no wslu-main_content\">\n\n\t\t\n        <ul>\n\t\t\t        <\/ul>\n    <\/div>","protected":false},"excerpt":{"rendered":"<p><strong>C\u00f3digo SKU:<\/strong> FQSEREN1<br \/>\n<strong>Marca: <\/strong>FDV<\/p>","protected":false},"featured_media":1521,"comment_status":"open","ping_status":"closed","template":"","meta":[],"product_brand":[],"product_cat":[49,25],"product_tag":[27,28,26],"class_list":{"0":"post-289","1":"product","2":"type-product","3":"status-publish","4":"has-post-thumbnail","6":"product_cat-frequenciador-sereniti","7":"product_cat-frequenciadores","8":"product_tag-frequencia-da-vida","9":"product_tag-frequencia-vibratoria","10":"product_tag-frequenciador-sereniti","12":"first","13":"instock","14":"sale","15":"shipping-taxable","16":"purchasable","17":"product-type-simple"},"_links":{"self":[{"href":"https:\/\/frequenciadavida.com.br\/en\/wp-json\/wp\/v2\/product\/289","targetHints":{"allow":["GET"]}}],"collection":[{"href":"https:\/\/frequenciadavida.com.br\/en\/wp-json\/wp\/v2\/product"}],"about":[{"href":"https:\/\/frequenciadavida.com.br\/en\/wp-json\/wp\/v2\/types\/product"}],"replies":[{"embeddable":true,"href":"https:\/\/frequenciadavida.com.br\/en\/wp-json\/wp\/v2\/comments?post=289"}],"wp:featuredmedia":[{"embeddable":true,"href":"https:\/\/frequenciadavida.com.br\/en\/wp-json\/wp\/v2\/media\/1521"}],"wp:attachment":[{"href":"https:\/\/frequenciadavida.com.br\/en\/wp-json\/wp\/v2\/media?parent=289"}],"wp:term":[{"taxonomy":"product_brand","embeddable":true,"href":"https:\/\/frequenciadavida.com.br\/en\/wp-json\/wp\/v2\/product_brand?post=289"},{"taxonomy":"product_cat","embeddable":true,"href":"https:\/\/frequenciadavida.com.br\/en\/wp-json\/wp\/v2\/product_cat?post=289"},{"taxonomy":"product_tag","embeddable":true,"href":"https:\/\/frequenciadavida.com.br\/en\/wp-json\/wp\/v2\/product_tag?post=289"}],"curies":[{"name":"wp","href":"https:\/\/api.w.org\/{rel}","templated":true}]}}