{"id":1554,"date":"2025-12-15T15:33:11","date_gmt":"2025-12-15T18:33:11","guid":{"rendered":"https:\/\/frequenciadavida.com.br\/?post_type=product&#038;p=1554"},"modified":"2025-12-28T23:56:18","modified_gmt":"2025-12-29T02:56:18","slug":"sinelis","status":"publish","type":"product","link":"https:\/\/frequenciadavida.com.br\/en\/product\/sinelis\/","title":{"rendered":"SINELIS"},"content":{"rendered":"<p><strong>SINELIS<\/strong><\/p>\n<p><span class=\"a_GcMg font-feature-liga-off font-feature-clig-off font-feature-calt-off text-decoration-none text-strikethrough-none\">O <em><strong>Frequenciador Sinelis<\/strong><\/em> atua vibracionalmente para amenizar os inc\u00f4modos <\/span><\/p>\n<p><span class=\"a_GcMg font-feature-liga-off font-feature-clig-off font-feature-calt-off text-decoration-none text-strikethrough-none\">causados pela a\u00e7\u00e3o energ\u00e9tica inflamat\u00f3ria dos seios da face, reequilibrando o bem-estar de forma natural.<\/span><\/p>\n<p class=\"cvGsUA direction-ltr align-start para-style-body\"><span class=\"a_GcMg font-feature-liga-off font-feature-clig-off font-feature-calt-off text-decoration-none text-strikethrough-none\">Ele emite frequ\u00eancias que atuam em:<\/span><\/p>\n<ul>\n<li><span class=\"a_GcMg font-feature-liga-off font-feature-clig-off font-feature-calt-off text-decoration-none text-strikethrough-none\">Reequil\u00edbrio da a\u00e7\u00e3o inflamat\u00f3ria dos seios nasais<\/span><\/li>\n<li><span class=\"a_GcMg font-feature-liga-off font-feature-clig-off font-feature-calt-off text-decoration-none text-strikethrough-none\">Atua\u00e7\u00e3o energ\u00e9tica dos sintomas como dor e mal estar associados ao congestionamento das vias a\u00e9reas<\/span><\/li>\n<li><span class=\"a_GcMg font-feature-liga-off font-feature-clig-off font-feature-calt-off text-decoration-none text-strikethrough-none\">Harmoniza\u00e7\u00e3o vibracional da imunidade<\/span><\/li>\n<\/ul>\n<p>&nbsp;<\/p>\n<p class=\"cvGsUA direction-ltr align-start para-style-body\"><span class=\"a_GcMg font-feature-liga-off font-feature-clig-off font-feature-calt-off text-decoration-none text-strikethrough-none\">ATEN\u00c7\u00c3O<\/span><\/p>\n<p class=\"cvGsUA direction-ltr align-start para-style-body\"><span class=\"a_GcMg font-feature-liga-off font-feature-clig-off font-feature-calt-off text-decoration-none text-strikethrough-none\">O Frequenciador n\u00e3o substitui o tratamento m\u00e9dico.<\/span><\/p>\n\n    <div class=\"xs_social_share_widget xs_share_url after_content \t\tmain_content  wslu-style-1 wslu-share-box-shaped wslu-fill-colored wslu-none wslu-share-horizontal wslu-theme-font-no wslu-main_content\">\n\n\t\t\n        <ul>\n\t\t\t        <\/ul>\n    <\/div>","protected":false},"excerpt":{"rendered":"<p><strong>C\u00f3digo SKU: <\/strong>FDVSINELIS<br \/>\n<strong>Marca: <\/strong>FDV<\/p>","protected":false},"featured_media":1521,"comment_status":"open","ping_status":"closed","template":"","meta":[],"product_brand":[],"product_cat":[25],"product_tag":[27,63],"class_list":{"0":"post-1554","1":"product","2":"type-product","3":"status-publish","4":"has-post-thumbnail","6":"product_cat-frequenciadores","7":"product_tag-frequencia-da-vida","8":"product_tag-frequenciador-sinelis","10":"first","11":"instock","12":"sale","13":"shipping-taxable","14":"purchasable","15":"product-type-simple"},"_links":{"self":[{"href":"https:\/\/frequenciadavida.com.br\/en\/wp-json\/wp\/v2\/product\/1554","targetHints":{"allow":["GET"]}}],"collection":[{"href":"https:\/\/frequenciadavida.com.br\/en\/wp-json\/wp\/v2\/product"}],"about":[{"href":"https:\/\/frequenciadavida.com.br\/en\/wp-json\/wp\/v2\/types\/product"}],"replies":[{"embeddable":true,"href":"https:\/\/frequenciadavida.com.br\/en\/wp-json\/wp\/v2\/comments?post=1554"}],"wp:featuredmedia":[{"embeddable":true,"href":"https:\/\/frequenciadavida.com.br\/en\/wp-json\/wp\/v2\/media\/1521"}],"wp:attachment":[{"href":"https:\/\/frequenciadavida.com.br\/en\/wp-json\/wp\/v2\/media?parent=1554"}],"wp:term":[{"taxonomy":"product_brand","embeddable":true,"href":"https:\/\/frequenciadavida.com.br\/en\/wp-json\/wp\/v2\/product_brand?post=1554"},{"taxonomy":"product_cat","embeddable":true,"href":"https:\/\/frequenciadavida.com.br\/en\/wp-json\/wp\/v2\/product_cat?post=1554"},{"taxonomy":"product_tag","embeddable":true,"href":"https:\/\/frequenciadavida.com.br\/en\/wp-json\/wp\/v2\/product_tag?post=1554"}],"curies":[{"name":"wp","href":"https:\/\/api.w.org\/{rel}","templated":true}]}}