{"id":1549,"date":"2025-12-15T14:19:15","date_gmt":"2025-12-15T17:19:15","guid":{"rendered":"https:\/\/frequenciadavida.com.br\/?post_type=product&#038;p=1549"},"modified":"2025-12-28T23:48:29","modified_gmt":"2025-12-29T02:48:29","slug":"neumaris","status":"publish","type":"product","link":"https:\/\/frequenciadavida.com.br\/en\/product\/neumaris\/","title":{"rendered":"NEUMARIS"},"content":{"rendered":"<p><strong>NEUMARIS<\/strong><\/p>\n<p><span class=\"a_GcMg font-feature-liga-off font-feature-clig-off font-feature-calt-off text-decoration-none text-strikethrough-none\">O <em><strong>Frequenciador Neumaris<\/strong><\/em> foi criado para auxiliar o organismo durante o processo de recupera\u00e7\u00e3o pulmonar, <\/span><\/p>\n<p><span class=\"a_GcMg font-feature-liga-off font-feature-clig-off font-feature-calt-off text-decoration-none text-strikethrough-none\">emitindo frequ\u00eancias espec\u00edficas que favorecem a regenera\u00e7\u00e3o, o al\u00edvio dos sintomas e o fortalecimento energ\u00e9tico do corpo.<br \/>\n<\/span><\/p>\n<p class=\"cvGsUA direction-ltr align-start para-style-body\"><span class=\"a_GcMg font-feature-liga-off font-feature-clig-off font-feature-calt-off text-decoration-none text-strikethrough-none\">Ele emite frequ\u00eancias que atuam em:<\/span><\/p>\n<ul>\n<li><span class=\"a_GcMg font-feature-liga-off font-feature-clig-off font-feature-calt-off text-decoration-none text-strikethrough-none\">Harmoniza\u00e7\u00e3o da energia das vias a\u00e9reas inferiores<\/span><\/li>\n<li><span class=\"a_GcMg font-feature-liga-off font-feature-clig-off font-feature-calt-off text-decoration-none text-strikethrough-none\">Estimula\u00e7\u00e3o da vibra\u00e7\u00e3o dos tecidos pulmonares<\/span><\/li>\n<li><span class=\"a_GcMg font-feature-liga-off font-feature-clig-off font-feature-calt-off text-decoration-none text-strikethrough-none\">Melhora da resson\u00e2ncia vibrat\u00f3ria dos sintomas<\/span><\/li>\n<li><span class=\"a_GcMg font-feature-liga-off font-feature-clig-off font-feature-calt-off text-decoration-none text-strikethrough-none\">Auxilio energ\u00e9tico da oxigena\u00e7\u00e3o e da capacidade respirat\u00f3ria<\/span><\/li>\n<li><span class=\"a_GcMg font-feature-liga-off font-feature-clig-off font-feature-calt-off text-decoration-none text-strikethrough-none\">Harmoniza\u00e7\u00e3o frequencial do fortalecimento do sistema imunol\u00f3gico<\/span><\/li>\n<li><span class=\"a_GcMg font-feature-liga-off font-feature-clig-off font-feature-calt-off text-decoration-none text-strikethrough-none\">Indu\u00e7\u00e3o energ\u00e9tica a acelera\u00e7\u00e3o para a recupera\u00e7\u00e3o<\/span><\/li>\n<\/ul>\n<p class=\"cvGsUA direction-ltr align-start para-style-body\"><span class=\"a_GcMg font-feature-liga-off font-feature-clig-off font-feature-calt-off text-decoration-none text-strikethrough-none\">ATEN\u00c7\u00c3O<\/span><\/p>\n<p class=\"cvGsUA direction-ltr align-start para-style-body\"><span class=\"a_GcMg font-feature-liga-off font-feature-clig-off font-feature-calt-off text-decoration-none text-strikethrough-none\">O Frequenciador n\u00e3o substitui o tratamento m\u00e9dico.<\/span><\/p>\n\n    <div class=\"xs_social_share_widget xs_share_url after_content \t\tmain_content  wslu-style-1 wslu-share-box-shaped wslu-fill-colored wslu-none wslu-share-horizontal wslu-theme-font-no wslu-main_content\">\n\n\t\t\n        <ul>\n\t\t\t        <\/ul>\n    <\/div>","protected":false},"excerpt":{"rendered":"<p><strong>C\u00f3digo SKU:<\/strong> FDVNEUMARIS<br \/>\n<strong>Marca: <\/strong>FDV<\/p>","protected":false},"featured_media":1521,"comment_status":"open","ping_status":"closed","template":"","meta":[],"product_brand":[],"product_cat":[25],"product_tag":[27,28,61],"class_list":{"0":"post-1549","1":"product","2":"type-product","3":"status-publish","4":"has-post-thumbnail","6":"product_cat-frequenciadores","7":"product_tag-frequencia-da-vida","8":"product_tag-frequencia-vibratoria","9":"product_tag-frequenciador-neumaris","11":"first","12":"instock","13":"sale","14":"shipping-taxable","15":"purchasable","16":"product-type-simple"},"_links":{"self":[{"href":"https:\/\/frequenciadavida.com.br\/en\/wp-json\/wp\/v2\/product\/1549","targetHints":{"allow":["GET"]}}],"collection":[{"href":"https:\/\/frequenciadavida.com.br\/en\/wp-json\/wp\/v2\/product"}],"about":[{"href":"https:\/\/frequenciadavida.com.br\/en\/wp-json\/wp\/v2\/types\/product"}],"replies":[{"embeddable":true,"href":"https:\/\/frequenciadavida.com.br\/en\/wp-json\/wp\/v2\/comments?post=1549"}],"wp:featuredmedia":[{"embeddable":true,"href":"https:\/\/frequenciadavida.com.br\/en\/wp-json\/wp\/v2\/media\/1521"}],"wp:attachment":[{"href":"https:\/\/frequenciadavida.com.br\/en\/wp-json\/wp\/v2\/media?parent=1549"}],"wp:term":[{"taxonomy":"product_brand","embeddable":true,"href":"https:\/\/frequenciadavida.com.br\/en\/wp-json\/wp\/v2\/product_brand?post=1549"},{"taxonomy":"product_cat","embeddable":true,"href":"https:\/\/frequenciadavida.com.br\/en\/wp-json\/wp\/v2\/product_cat?post=1549"},{"taxonomy":"product_tag","embeddable":true,"href":"https:\/\/frequenciadavida.com.br\/en\/wp-json\/wp\/v2\/product_tag?post=1549"}],"curies":[{"name":"wp","href":"https:\/\/api.w.org\/{rel}","templated":true}]}}