{"id":1547,"date":"2025-12-15T14:09:24","date_gmt":"2025-12-15T17:09:24","guid":{"rendered":"https:\/\/frequenciadavida.com.br\/?post_type=product&#038;p=1547"},"modified":"2025-12-24T20:23:49","modified_gmt":"2025-12-24T23:23:49","slug":"bronelis","status":"publish","type":"product","link":"https:\/\/frequenciadavida.com.br\/en\/product\/bronelis\/","title":{"rendered":"BRONELIS"},"content":{"rendered":"<p><strong>BRONELIS<\/strong><\/p>\n<p class=\"cvGsUA direction-ltr align-start para-style-body\"><span class=\"a_GcMg font-feature-liga-off font-feature-clig-off font-feature-calt-off text-decoration-none text-strikethrough-none\">O ar fluindo naturalmente.<\/span><\/p>\n<p class=\"cvGsUA direction-ltr align-start para-style-body\"><span class=\"a_GcMg font-feature-liga-off font-feature-clig-off font-feature-calt-off text-decoration-none text-strikethrough-none\">O <em><strong>Frequenciador Bronelis<\/strong><\/em> emite frequ\u00eancias que atuam diretamente nas causas <\/span><\/p>\n<p class=\"cvGsUA direction-ltr align-start para-style-body\"><span class=\"a_GcMg font-feature-liga-off font-feature-clig-off font-feature-calt-off text-decoration-none text-strikethrough-none\">energ\u00e9ticas e f\u00edsicas dos sintomas, aliviando desconfortos respirat\u00f3rios e harmonizando energia dos pulm\u00f5es.<\/span><\/p>\n<p class=\"cvGsUA direction-ltr align-start para-style-body\"><span class=\"a_GcMg font-feature-liga-off font-feature-clig-off font-feature-calt-off text-decoration-none text-strikethrough-none\">Ele age de forma complementar e vibracional, trazendo benef\u00edcios como:<\/span><\/p>\n<ul>\n<li><span class=\"a_GcMg font-feature-liga-off font-feature-clig-off font-feature-calt-off text-decoration-none text-strikethrough-none\">Auxilia energeticamente nas crises<\/span><\/li>\n<li><span class=\"a_GcMg font-feature-liga-off font-feature-clig-off font-feature-calt-off text-decoration-none text-strikethrough-none\">Induz o ritmo energ\u00e9tico da respira\u00e7\u00e3o e oxigena\u00e7\u00e3o<\/span><\/li>\n<li><span class=\"a_GcMg font-feature-liga-off font-feature-clig-off font-feature-calt-off text-decoration-none text-strikethrough-none\">Auxilia o fluxo de entrada e sa\u00edda de ar<\/span><\/li>\n<li><span class=\"a_GcMg font-feature-liga-off font-feature-clig-off font-feature-calt-off text-decoration-none text-strikethrough-none\">Tonifica energeticamente os br\u00f4nquios<\/span><\/li>\n<li><span class=\"a_GcMg font-feature-liga-off font-feature-clig-off font-feature-calt-off text-decoration-none text-strikethrough-none\">Promove equil\u00edbrio da imunidade pulmonar<\/span><\/li>\n<\/ul>\n<p class=\"cvGsUA direction-ltr align-start para-style-body\"><span class=\"a_GcMg font-feature-liga-off font-feature-clig-off font-feature-calt-off text-decoration-none text-strikethrough-none\">ATEN\u00c7\u00c3O<\/span><\/p>\n<p class=\"cvGsUA direction-ltr align-start para-style-body\"><span class=\"a_GcMg font-feature-liga-off font-feature-clig-off font-feature-calt-off text-decoration-none text-strikethrough-none\">O Frequenciador n\u00e3o substitui o tratamento m\u00e9dico.<\/span><\/p>\n\n    <div class=\"xs_social_share_widget xs_share_url after_content \t\tmain_content  wslu-style-1 wslu-share-box-shaped wslu-fill-colored wslu-none wslu-share-horizontal wslu-theme-font-no wslu-main_content\">\n\n\t\t\n        <ul>\n\t\t\t        <\/ul>\n    <\/div>","protected":false},"excerpt":{"rendered":"<p><strong>C\u00f3digo SKU:<\/strong> FDVBRONELIS<br \/>\n<strong>Marca: <\/strong>FDV<\/p>","protected":false},"featured_media":1521,"comment_status":"open","ping_status":"closed","template":"","meta":[],"product_brand":[],"product_cat":[25],"product_tag":[27,28,60],"class_list":{"0":"post-1547","1":"product","2":"type-product","3":"status-publish","4":"has-post-thumbnail","6":"product_cat-frequenciadores","7":"product_tag-frequencia-da-vida","8":"product_tag-frequencia-vibratoria","9":"product_tag-frequenciador-bronelis","11":"first","12":"instock","13":"sale","14":"shipping-taxable","15":"purchasable","16":"product-type-simple"},"_links":{"self":[{"href":"https:\/\/frequenciadavida.com.br\/en\/wp-json\/wp\/v2\/product\/1547","targetHints":{"allow":["GET"]}}],"collection":[{"href":"https:\/\/frequenciadavida.com.br\/en\/wp-json\/wp\/v2\/product"}],"about":[{"href":"https:\/\/frequenciadavida.com.br\/en\/wp-json\/wp\/v2\/types\/product"}],"replies":[{"embeddable":true,"href":"https:\/\/frequenciadavida.com.br\/en\/wp-json\/wp\/v2\/comments?post=1547"}],"wp:featuredmedia":[{"embeddable":true,"href":"https:\/\/frequenciadavida.com.br\/en\/wp-json\/wp\/v2\/media\/1521"}],"wp:attachment":[{"href":"https:\/\/frequenciadavida.com.br\/en\/wp-json\/wp\/v2\/media?parent=1547"}],"wp:term":[{"taxonomy":"product_brand","embeddable":true,"href":"https:\/\/frequenciadavida.com.br\/en\/wp-json\/wp\/v2\/product_brand?post=1547"},{"taxonomy":"product_cat","embeddable":true,"href":"https:\/\/frequenciadavida.com.br\/en\/wp-json\/wp\/v2\/product_cat?post=1547"},{"taxonomy":"product_tag","embeddable":true,"href":"https:\/\/frequenciadavida.com.br\/en\/wp-json\/wp\/v2\/product_tag?post=1547"}],"curies":[{"name":"wp","href":"https:\/\/api.w.org\/{rel}","templated":true}]}}