{"id":1229,"date":"2025-11-27T21:01:24","date_gmt":"2025-11-27T21:01:24","guid":{"rendered":"https:\/\/frequenciadavida.com.br\/?page_id=1229"},"modified":"2025-11-27T21:21:24","modified_gmt":"2025-11-27T21:21:24","slug":"artigos","status":"publish","type":"page","link":"https:\/\/frequenciadavida.com.br\/en\/artigos\/","title":{"rendered":"Artigos"},"content":{"rendered":"<div data-elementor-type=\"wp-page\" data-elementor-id=\"1229\" class=\"elementor elementor-1229\" data-elementor-post-type=\"page\">\n\t\t\t\t<div class=\"elementor-element elementor-element-3a2b71c e-flex e-con-boxed e-con e-parent\" data-id=\"3a2b71c\" data-element_type=\"container\" data-e-type=\"container\">\n\t\t\t\t\t<div class=\"e-con-inner\">\n\t\t<div class=\"elementor-element elementor-element-201bf4d e-con-full e-flex e-con e-child\" data-id=\"201bf4d\" data-element_type=\"container\" data-e-type=\"container\">\n\t\t\t\t<div class=\"elementor-element elementor-element-8d569e3 elementor-widget elementor-widget-heading\" data-id=\"8d569e3\" data-element_type=\"widget\" data-e-type=\"widget\" data-widget_type=\"heading.default\">\n\t\t\t\t\t<h2 class=\"elementor-heading-title elementor-size-default\">Em breve: conte\u00fados que elevam a sua frequ\u00eancia<\/h2>\t\t\t\t<\/div>\n\t\t\t\t<div class=\"elementor-element elementor-element-26d9860 elementor-widget elementor-widget-text-editor\" data-id=\"26d9860\" data-element_type=\"widget\" data-e-type=\"widget\" data-widget_type=\"text-editor.default\">\n\t\t\t\t\t\t\t\t\t<p data-start=\"207\" data-end=\"386\">Estamos preparando uma sele\u00e7\u00e3o de artigos exclusivos sobre tecnologia vibracional, bem-estar, energia e consci\u00eancia \u2014 tudo para apoiar sua jornada de equil\u00edbrio e alta frequ\u00eancia. Muito em breve, voc\u00ea encontrar\u00e1 aqui conte\u00fados profundos, claros e transformadores criados pela equipe da <strong data-start=\"494\" data-end=\"516\">Frequ\u00eancia da Vida<\/strong>. Enquanto isso, continue explorando nossos produtos e materiais pelo site. Sua nova frequ\u00eancia j\u00e1 come\u00e7ou.<\/p>\t\t\t\t\t\t\t\t<\/div>\n\t\t\t\t<\/div>\n\t\t<div class=\"elementor-element elementor-element-26a44a7 e-con-full e-flex e-con e-child\" data-id=\"26a44a7\" data-element_type=\"container\" data-e-type=\"container\">\n\t\t\t\t<div class=\"elementor-element elementor-element-b989dd7 elementor-widget elementor-widget-image\" data-id=\"b989dd7\" data-element_type=\"widget\" data-e-type=\"widget\" data-widget_type=\"image.default\">\n\t\t\t\t\t\t\t\t\t\t\t\t\t\t\t<img fetchpriority=\"high\" decoding=\"async\" width=\"2000\" height=\"1920\" src=\"https:\/\/frequenciadavida.com.br\/wp-content\/uploads\/2025\/11\/artigos_em_breve.webp\" class=\"attachment-full size-full wp-image-1246\" alt=\"\" srcset=\"https:\/\/frequenciadavida.com.br\/wp-content\/uploads\/2025\/11\/artigos_em_breve.webp 2000w, https:\/\/frequenciadavida.com.br\/wp-content\/uploads\/2025\/11\/artigos_em_breve-300x288.webp 300w, https:\/\/frequenciadavida.com.br\/wp-content\/uploads\/2025\/11\/artigos_em_breve-1024x983.webp 1024w, https:\/\/frequenciadavida.com.br\/wp-content\/uploads\/2025\/11\/artigos_em_breve-768x737.webp 768w, https:\/\/frequenciadavida.com.br\/wp-content\/uploads\/2025\/11\/artigos_em_breve-1536x1475.webp 1536w, https:\/\/frequenciadavida.com.br\/wp-content\/uploads\/2025\/11\/artigos_em_breve-600x576.webp 600w, https:\/\/frequenciadavida.com.br\/wp-content\/uploads\/2025\/11\/artigos_em_breve-64x61.webp 64w\" sizes=\"(max-width: 2000px) 100vw, 2000px\" \/>\t\t\t\t\t\t\t\t\t\t\t\t\t\t\t<\/div>\n\t\t\t\t<\/div>\n\t\t\t\t\t<\/div>\n\t\t\t\t<\/div>\n\t\t\t\t<\/div>\n\t\t\n    <div class=\"xs_social_share_widget xs_share_url after_content \t\tmain_content  wslu-style-1 wslu-share-box-shaped wslu-fill-colored wslu-none wslu-share-horizontal wslu-theme-font-no wslu-main_content\">\n\n\t\t\n        <ul>\n\t\t\t        <\/ul>\n    <\/div>","protected":false},"excerpt":{"rendered":"<p>Em breve: conte\u00fados que elevam a sua frequ\u00eancia Estamos preparando uma sele\u00e7\u00e3o de artigos exclusivos sobre tecnologia vibracional, bem-estar, energia e consci\u00eancia \u2014 tudo para apoiar sua jornada de equil\u00edbrio e alta frequ\u00eancia. Muito em breve, voc\u00ea encontrar\u00e1 aqui conte\u00fados profundos, claros e transformadores criados pela equipe da Frequ\u00eancia da Vida. Enquanto isso, continue explorando [&hellip;]<\/p>","protected":false},"author":1,"featured_media":0,"parent":0,"menu_order":0,"comment_status":"closed","ping_status":"closed","template":"elementor_header_footer","meta":{"footnotes":""},"class_list":["post-1229","page","type-page","status-publish","hentry"],"_links":{"self":[{"href":"https:\/\/frequenciadavida.com.br\/en\/wp-json\/wp\/v2\/pages\/1229","targetHints":{"allow":["GET"]}}],"collection":[{"href":"https:\/\/frequenciadavida.com.br\/en\/wp-json\/wp\/v2\/pages"}],"about":[{"href":"https:\/\/frequenciadavida.com.br\/en\/wp-json\/wp\/v2\/types\/page"}],"author":[{"embeddable":true,"href":"https:\/\/frequenciadavida.com.br\/en\/wp-json\/wp\/v2\/users\/1"}],"replies":[{"embeddable":true,"href":"https:\/\/frequenciadavida.com.br\/en\/wp-json\/wp\/v2\/comments?post=1229"}],"version-history":[{"count":16,"href":"https:\/\/frequenciadavida.com.br\/en\/wp-json\/wp\/v2\/pages\/1229\/revisions"}],"predecessor-version":[{"id":1249,"href":"https:\/\/frequenciadavida.com.br\/en\/wp-json\/wp\/v2\/pages\/1229\/revisions\/1249"}],"wp:attachment":[{"href":"https:\/\/frequenciadavida.com.br\/en\/wp-json\/wp\/v2\/media?parent=1229"}],"curies":[{"name":"wp","href":"https:\/\/api.w.org\/{rel}","templated":true}]}}